{"id":402,"date":"2012-07-16T10:47:34","date_gmt":"2012-07-16T10:47:34","guid":{"rendered":"http:\/\/olevmedia.com\/themes\/expo18-wp\/?page_id=402"},"modified":"2015-08-26T12:54:29","modified_gmt":"2015-08-26T11:54:29","slug":"relatori","status":"publish","type":"page","link":"http:\/\/pcoschallenge.org\/simposio\/siracusa\/relatori\/","title":{"rendered":"Relatori del simposio"},"content":{"rendered":"<div style=\"font-size: 16pt; margin: 20px 0 10px 0; line-height: 1; color: #008080;\"><strong>Ottenere risposte da massimi esperti sulla sindrome dell&#8217;ovaio policistico<\/strong><\/div>\n<div class=\"one-half\">\n<h2>Sasha Ottey, MHA, MT (ASCP)<\/h2>\n<div style=\"font-size:11pt;color:#008080;margin:10px 0 3px 0\"><strong>PCOS sensibilizzazione e advocacy<\/strong><\/div>\n<p><div class=\"image-block left\"><img decoding=\"async\" src=\"https:\/\/s3.amazonaws.com\/videos.pcos.tv\/Sasha-Ottey-PCOS-Challenge.jpg\" height=\"150\"><\/div>Sasha Ottey \u00e8 fondatore e direttore esecutivo della PCOS Challenge, Inc., una delle principali organizzazioni mondiali per il sostegno e la difesa delle donne e delle ragazze con sindrome dell&#8217;ovaio policistico. Dalla sua nascita nel 2009, la PCOS Challenge ha aiutato molte donne a trovare le risposte necessarie per potere vincere la loro lotta contro l\u2019infertilit\u00e0, l\u2019aumento di peso, l\u2019ansia e la depressione e per ridurre i rischi per la loro salute futura. La visione dell&#8217;organizzazione \u00e8 che la PCOS deve essere trattata come una priorit\u00e0 di salute pubblica.<\/p>\n<p><strong style=\"font-size: 11pt; color: #008080\">Session Description:<\/strong><br \/>\nQuesta sessione parla brevemente degli obiettivi della manifestazione e della visione della PCOS Challenge PCOS Awareness.<\/p>\n<div style=\"margin-top:5px\"><BR \/><\/div>\n<p><\/div><div class=\"one-half last\"><\/p>\n<h2>Prof. Enrico Carmina<\/h2>\n<div style=\"font-size:11pt;color:#008080;margin:10px 0 3px 0\"><strong>Capire la PCOS e la sua diagnosi<\/strong><\/div>\n<p><div class=\"image-block right\"><img decoding=\"async\" loading=\"lazy\" src=\"http:\/\/pcoschallenge.org\/simposio\/siracusa\/wp-content\/uploads\/2015\/08\/pcos-symposium-speaker-enrico-carmina.jpg\" alt=\"PCOS Awareness Symposium Speaker - Enrico Carmina\" width=\"150\" height=\"150\" class=\"alignnone size-full wp-image-2985\" srcset=\"http:\/\/pcoschallenge.org\/simposio\/siracusa\/wp-content\/uploads\/2015\/08\/pcos-symposium-speaker-enrico-carmina.jpg 150w, http:\/\/pcoschallenge.org\/simposio\/siracusa\/wp-content\/uploads\/2015\/08\/pcos-symposium-speaker-enrico-carmina-125x125.jpg 125w\" sizes=\"(max-width: 150px) 100vw, 150px\" \/><\/div>Enrico Carmina, M.D. \u00e8 un rinomato esperto internazionale di policistosi ovarica, medico e professore di Endocrinologia e Endocrinologia Riproduttiva presso l&#8217;Universit\u00e0 di Palermo. E\u2019 autore di 364 pubblicazioni su riviste internazionali e di 46 capitoli in libri di testo in Endocrinologia e Endocrinologia Riproduttiva. Il Prof. Carmina ha ricevuto molti premi scientifici ed \u00e8 il direttore ed attuale CEO della Androgen Excess and PCOS Society.<\/p>\n<div style=\"margin:20px 0 20px 0;\"><strong style=\"font-size: 11pt; color: #008080\">Session Description:<\/strong><br \/>\nQuesta sessione fornir\u00e0 una panoramica della sindrome dell&#8217;ovaio policistico (PCOS) e della sua diagnosi. Inoltre affronter\u00e0 i problemi collegati alla diagnosi ed alla cura.<\/div>\n<p><\/div><div class=\"clear\"><\/div><\/p>\n<div class=\"one-half\">\n<h2 style=\"margin-top:-20px\">Dott.ssa Stefania Cattaneo<\/h2>\n<div style=\"font-size:11pt;color:#008080;margin:10px 0 3px 0\"><strong>Lifestyle Management di PCOS &mdash; alimentazione, esercizio fisico<\/strong><\/div>\n<p><div class=\"image-block left\"><img decoding=\"async\" loading=\"lazy\" src=\"http:\/\/pcoschallenge.org\/simposio\/siracusa\/wp-content\/uploads\/2015\/08\/pcos-symposium-speaker-stefania-cattaneo.jpg\" alt=\"PCOS Awareness Symposium Speaker - Stefania Cattaneo\" width=\"150\" height=\"150\" class=\"alignnone size-full wp-image-2987\" srcset=\"http:\/\/pcoschallenge.org\/simposio\/siracusa\/wp-content\/uploads\/2015\/08\/pcos-symposium-speaker-stefania-cattaneo.jpg 150w, http:\/\/pcoschallenge.org\/simposio\/siracusa\/wp-content\/uploads\/2015\/08\/pcos-symposium-speaker-stefania-cattaneo-125x125.jpg 125w\" sizes=\"(max-width: 150px) 100vw, 150px\" \/><\/div>Dott.ssa Stefania Cattaneo \u00e8 professore presso l&#8217;Universit\u00e0 di Torino e presso il SIMF e nutrizionista del PROGETTO IRIS, che si occupa di donne con sindrome dell&#8217;ovaio policistico. Stefania ha ricevuto la sua laurea in Farmacia e Scienze della Nutrizione presso l&#8217;Universit\u00e0 di Torino e il Master Internazionale in Nutrizione e Dietetica presso l&#8217;Universit\u00e0 Politecnica delle Marche. Stefania ha tenuto numerose conferenze su temi riguardanti una sana alimentazione ed un corretto stile di vita delle donne.<\/p>\n<div style=\"margin:20px 0 60px 0;\"><strong style=\"font-size: 11pt; color: #008080\">Session Description:<\/strong><br \/>\nQuesta sessione riguarda l&#8217;alimentazione e lo stile di vita che devono avere le donne e le ragazze affette da sindrome dell&#8217;ovaio policistico.<\/div>\n<p><\/p>\n<p>\n<\/div><div class=\"one-half last\"><\/p>\n<h2 style=\"margin-top:-20px\">Prof. Franca Fruzzetti<\/h2>\n<div style=\"font-size:11pt;color:#008080;margin:10px 0 3px 0\"><strong>Migliorare la fertilit\u00e0 nelle donne con PCOS<\/strong><\/div>\n<p><div class=\"image-block right\"><img decoding=\"async\" loading=\"lazy\" src=\"http:\/\/pcoschallenge.org\/simposio\/siracusa\/wp-content\/uploads\/2015\/08\/pcos-symposium-speaker-fruzzetti-ritratto.jpg\" alt=\"PCOS Awareness Symposium Speaker - Fruzzetti Ritratto\" width=\"150\" height=\"150\" class=\"alignnone size-full wp-image-2986\" srcset=\"http:\/\/pcoschallenge.org\/simposio\/siracusa\/wp-content\/uploads\/2015\/08\/pcos-symposium-speaker-fruzzetti-ritratto.jpg 150w, http:\/\/pcoschallenge.org\/simposio\/siracusa\/wp-content\/uploads\/2015\/08\/pcos-symposium-speaker-fruzzetti-ritratto-125x125.jpg 125w\" sizes=\"(max-width: 150px) 100vw, 150px\" \/><\/div>Franca Fruzzetti, M.D. \u00e8 Assistant Professor e direttore del Centro di Endocrinologia Riproduttiva e per il controllo della fertilit\u00e0 presso il Dipartimento di Ostetricia e Ginecologia dell\u2019Ospedale Universitario Santa Chiara di Pisa. La prof.essa Fruzzetti \u00e8 autore di oltre 100 pubblicazioni su giornali scientifici internazionali. I suoi principali interessi di ricerca riguardano gli effetti sistemici e metabolici dei contraccettivi ormonali e altri temi riguardanti PCOS.<\/p>\n<div style=\"margin:20px 0 -10px 0;\"><strong style=\"font-size: 11pt; color: #008080\">Session Description:<\/strong><br \/>\nQuesta sessione affronta il problema di come la PCOS puo\u2019 impattare l\u2019ovulazione e la fertilit\u00e0. Inoltre coprir\u00e0 le opzioni per migliorare la fertilit\u00e0.<\/div>\n<p><\/div><div class=\"clear\"><\/div><br \/>\n<div class=\"one-half\"><\/p>\n<h2 style=\"margin-top:-10px\">Dott.ssa Elisabetta Scaruffi<\/h2>\n<div style=\"font-size:11pt;color:#008080;margin:10px 0 3px 0\"><strong>Benessere emozionale di Donne e Ragazze con PCOS<\/strong><\/div>\n<p><div class=\"image-block left\"><img decoding=\"async\" loading=\"lazy\" src=\"http:\/\/pcoschallenge.org\/simposio\/siracusa\/wp-content\/uploads\/2015\/08\/pcos-symposium-speaker-elisabetta-scaruffi.jpg\" alt=\"PCOS Awareness Symposium Speaker - Elisabetta Scaruffi\" width=\"150\" height=\"150\" class=\"alignnone size-full wp-image-2984\" srcset=\"http:\/\/pcoschallenge.org\/simposio\/siracusa\/wp-content\/uploads\/2015\/08\/pcos-symposium-speaker-elisabetta-scaruffi.jpg 150w, http:\/\/pcoschallenge.org\/simposio\/siracusa\/wp-content\/uploads\/2015\/08\/pcos-symposium-speaker-elisabetta-scaruffi-125x125.jpg 125w\" sizes=\"(max-width: 150px) 100vw, 150px\" \/><\/div>Elisabetta Scaruffi \u00e8 psicologa psicoterapeuta. Si \u00e8 laureata presso l\u2019Universit\u00e0 di Padova con una tesi su \u201cLa qualit\u00e0 della vita e altri indicatori psicologici in donne con sindrome dell\u2019ovaio policistico\u201d e si \u00e8 poi specializzata alla Scuola di Psicoterapia Psicoanalitica di Torino. E\u2019fondatore e responsabile del primo ambulatorio multidisciplinare italiano rivolto a ragazze e donne con PCOS con sede a Biella presso la Fondazione Edo ed Elvo Tempia Onlus. Dal 2010 al 2013 ha collaborato con gli ambulatori di endocrinologia ginecologica degli ospedali San Giovanni Battista e Sant&#8217;Anna di Torino.<\/p>\n<p><strong style=\"font-size: 11pt; color: #008080\">Session Description:<\/strong><br \/>\nQuesta sessione affronta l&#8217;importanza del benessere mentale ed emozionale delle donne e delle ragazze con sindrome dell&#8217;ovaio policistico e anche i loro sostenitori. Gli argomenti trattati comprenderanno ansia, depressione, sbalzi d&#8217;umore, immagine corporea, autostima ed I vari fattori che possono incidere sulla salute emotiva.<br \/>\n<\/div><div class=\"one-half last\"><br \/>\n<\/div><div class=\"clear\"><\/div><\/p>\n<div><\/div>\n<div style=\"font-size:13pt; margin:30px 0 10px 0;\" align=\"center\"><BR \/>\n<\/div>\n<p><\/p>\n","protected":false},"excerpt":{"rendered":"<p>Ottenere risposte da massimi esperti sulla sindrome dell&#8217;ovaio policistico<\/p>\n","protected":false},"author":1,"featured_media":0,"parent":0,"menu_order":0,"comment_status":"open","ping_status":"open","template":"template-full-width.php","meta":[],"_links":{"self":[{"href":"http:\/\/pcoschallenge.org\/simposio\/siracusa\/wp-json\/wp\/v2\/pages\/402"}],"collection":[{"href":"http:\/\/pcoschallenge.org\/simposio\/siracusa\/wp-json\/wp\/v2\/pages"}],"about":[{"href":"http:\/\/pcoschallenge.org\/simposio\/siracusa\/wp-json\/wp\/v2\/types\/page"}],"author":[{"embeddable":true,"href":"http:\/\/pcoschallenge.org\/simposio\/siracusa\/wp-json\/wp\/v2\/users\/1"}],"replies":[{"embeddable":true,"href":"http:\/\/pcoschallenge.org\/simposio\/siracusa\/wp-json\/wp\/v2\/comments?post=402"}],"version-history":[{"count":9,"href":"http:\/\/pcoschallenge.org\/simposio\/siracusa\/wp-json\/wp\/v2\/pages\/402\/revisions"}],"predecessor-version":[{"id":3107,"href":"http:\/\/pcoschallenge.org\/simposio\/siracusa\/wp-json\/wp\/v2\/pages\/402\/revisions\/3107"}],"wp:attachment":[{"href":"http:\/\/pcoschallenge.org\/simposio\/siracusa\/wp-json\/wp\/v2\/media?parent=402"}],"curies":[{"name":"wp","href":"https:\/\/api.w.org\/{rel}","templated":true}]}}