{"id":11,"date":"2012-07-09T17:45:52","date_gmt":"2012-07-09T17:45:52","guid":{"rendered":"http:\/\/olevmedia.com\/themes\/expo18-wp\/?page_id=11"},"modified":"2015-08-30T16:50:56","modified_gmt":"2015-08-30T15:50:56","slug":"homepage","status":"publish","type":"page","link":"http:\/\/pcoschallenge.org\/simposio\/siracusa\/","title":{"rendered":"Homepage"},"content":{"rendered":"<div class=\"binfopane-wrapper\"><div class=\"binfopane\"><div class=\"binfopane-inner\"><div class=\"text\"><div class=\"big\">Impara dagli esperti in PCOS<\/div><div><\/div><\/div><div class=\"i-button\"><a href=\"https:\/\/pcoschallenge.org\/simposio\/siracusa\/registrazione\/\" class=\"binfopane-button\">Registrati Ora<\/a><\/div><\/div><\/div><\/div>\n<div class=\"h-bg\">SIMPOSIO PCOS AWARENESS<\/div>\n<p><!--[one_half]\n\n\n<h3>Why Healthcare Professionals\nShould Attend<\/h3>\n\n\n\n\n<div class=\"lyte-wrapper fourthree\" style=\"width:420px;max-width: 100%;margin:5px;\">\n\n<div class=\"lyMe\" id=\"WYL_sFb2Okpw9nM\" itemprop=\"video\" itemscope itemtype=\"http:\/\/schema.org\/VideoObject\"><meta itemprop=\"thumbnailUrl\" content=\"\/\/i.ytimg.com\/vi\/sFb2Okpw9nM\/hqdefault.jpg\" \/><meta itemprop=\"embedURL\" content=\"http:\/\/www.youtube.com\/embed\/sFb2Okpw9nM\" \/><meta itemprop=\"uploadDate\" content=\"2015-04-17T15:23:22.000Z\" \/>\n\n<div id=\"lyte_sFb2Okpw9nM\" data-src=\"\/\/i.ytimg.com\/vi\/sFb2Okpw9nM\/hqdefault.jpg\" class=\"pL\">\n\n<div class=\"tC\">\n\n<div class=\"tT\" itemprop=\"name\">https:\/\/youtube.com\/devicesupport<\/div>\n\n<\/div>\n\n\n\n<div class=\"play\"><\/div>\n\n\n\n<div class=\"ctrl\">\n\n<div class=\"Lctrl\"><\/div>\n\n\n\n<div class=\"Rctrl\"><\/div>\n\n<\/div>\n\n<\/div>\n\n<noscript><a href=\"http:\/\/youtu.be\/sFb2Okpw9nM\"><img decoding=\"async\" loading=\"lazy\" src=\"http:\/\/i.ytimg.com\/vi\/sFb2Okpw9nM\/0.jpg\" alt=\"\" width=\"420\" height=\"295\" \/><br \/>Watch this video on YouTube<\/a><\/noscript><meta itemprop=\"description\" content=\"https:\/\/youtube.com\/devicesupport http:\/\/m.youtube.com\"><\/div>\n\n<\/div>\n\n\n\n<div class=\"lL\" style=\"max-width:100%;width:420px;margin:5px;\"><\/div>\n\n\n[\/one_half]\n\n[one_half_last]\n\n\n<h3>Why PCOS Patients and Family Members Should Attend<\/h3>\n\n\n\n\n<div class=\"lyte-wrapper fourthree\" style=\"width:420px;max-width: 100%;margin:5px;\">\n\n<div class=\"lyMe\" id=\"WYL_qmFCe_BDxfA\" itemprop=\"video\" itemscope itemtype=\"http:\/\/schema.org\/VideoObject\"><meta itemprop=\"thumbnailUrl\" content=\"\/\/i.ytimg.com\/vi\/qmFCe_BDxfA\/hqdefault.jpg\" \/><meta itemprop=\"embedURL\" content=\"http:\/\/www.youtube.com\/embed\/qmFCe_BDxfA\" \/><meta itemprop=\"uploadDate\" content=\"2015-04-17T15:23:22.000Z\" \/><meta itemprop=\"accessibilityFeature\" content=\"captions\" \/>\n\n<div id=\"lyte_qmFCe_BDxfA\" data-src=\"\/\/i.ytimg.com\/vi\/qmFCe_BDxfA\/hqdefault.jpg\" class=\"pL\">\n\n<div class=\"tC\">\n\n<div class=\"tT\" itemprop=\"name\">https:\/\/youtube.com\/devicesupport<\/div>\n\n<\/div>\n\n\n\n<div class=\"play\"><\/div>\n\n\n\n<div class=\"ctrl\">\n\n<div class=\"Lctrl\"><\/div>\n\n\n\n<div class=\"Rctrl\"><\/div>\n\n<\/div>\n\n<\/div>\n\n<noscript><a href=\"http:\/\/youtu.be\/qmFCe_BDxfA\"><img decoding=\"async\" loading=\"lazy\" src=\"http:\/\/i.ytimg.com\/vi\/qmFCe_BDxfA\/0.jpg\" alt=\"\" width=\"420\" height=\"295\" \/><br \/>Watch this video on YouTube<\/a><\/noscript><meta itemprop=\"description\" content=\"https:\/\/youtube.com\/devicesupport http:\/\/m.youtube.com\"><\/div>\n\n<\/div>\n\n\n\n<div class=\"lL\" style=\"max-width:100%;width:420px;margin:5px;\"><\/div>\n\n\n[\/one_half_last]--><\/p>\n<div class=\"one-third\">\n<h3>Obiettivi Del Simposio:<\/h3>\n<p>Questo importante evento  ha lo scopo di aiutare le donne e le ragazze affette da Sindrome dell\u2019Ovaio Policistico (PCOS) a imparare a gestire la loro salute, scoprire le strategie e le possibilit\u00e0 di come affrontare e combattere i  sintomi di questo disordine e al tempo stesso ridurre i rischi e le  conseguenze di possibili malattie future come il cancro, il diabete e le malattie cardiovascolari. La PCOS \u00e8 una delle condizioni pi\u00f9 critiche, spesso sotto-diagnosticata e non supportata dal punto di vista economico, che interferiscono con la salute delle donne. L&#8217;evento  avr\u00e0 anche lo scopo di contribuire ad aumentare la consapevolezza e migliorare  le conoscenze sulla  PCOS  dei professionisti medici, delle donne e ragazze colpite dalla sindrome e della popolazione  generale.<\/div><div class=\"one-third\"><\/p>\n<h3>Argomenti Trattati:<\/h3>\n<div class=\"bullets\" id=\"sc_bullets_1\">\n<ul>\n<li>PCOS sensibilizzazione e advocacy<\/li>\n<li>Capire la PCOS e la sua diagnosi<\/li>\n<li>Lifestyle Management di PCOS: alimentazione, esercizio fisico<\/li>\n<li>Migliorare la fertilit\u00e0 nelle donne con PCOS<\/li>\n<li>Benessere emozionale di Donne e Ragazze con PCOS<\/li>\n<\/ul>\n<p><\/div><style>#sc_bullets_1 ul li{background-image:url(http:\/\/pcoschallenge.org\/simposio\/siracusa\/wp-content\/themes\/expo18\/img\/icons\/0251.png)}<\/style><\/div><div class=\"one-third last\"><\/p>\n<h3>Destinatari<\/h3>\n<p>PCOS Awareness Simposio \u2013 Siracusa riunir\u00e0 per una giornata medici, ricercatori, donne con sindrome dell\u2019ovaio policistico ed loro sostenitori per condividere e discutere esperienze, conoscenze e gli ultimi aggiornamenti sulla PCOS.<\/div><div class=\"clear\"><\/div><br \/>\n<!--\n\n\n<div style=\"font-size: 16pt; margin: 20px 0 30px 0; line-height: 1; color: #008080;\" align=\"center\"><strong>Il PCOS Awareness Simposio Cambia la Vita<\/strong><\/div>\n\n\n\n\n<div style=\"margin-left: -15px;\" align=\"center\">[one_fifth]<img decoding=\"async\" loading=\"lazy\" class=\"alignnone size-full wp-image-1730\" src=\"https:\/\/pcoschallenge.org\/symposium\/la\/wp-content\/uploads\/2015\/02\/pcos-symposium-statistic-knowledge.png\" alt=\"PCOS Symposium Statistic - Knowledge\" width=\"175\" height=\"175\" srcset=\"http:\/\/pcoschallenge.org\/simposio\/siracusa\/wp-content\/uploads\/2015\/02\/pcos-symposium-statistic-knowledge.png 175w, http:\/\/pcoschallenge.org\/simposio\/siracusa\/wp-content\/uploads\/2015\/02\/pcos-symposium-statistic-knowledge-150x150.png 150w\" sizes=\"(max-width: 175px) 100vw, 175px\" \/>[\/one_fifth][one_fifth]<img decoding=\"async\" loading=\"lazy\" class=\"alignnone size-full wp-image-1728\" src=\"https:\/\/pcoschallenge.org\/symposium\/la\/wp-content\/uploads\/2015\/02\/pcos-symposium-statistic-doctors.png\" alt=\"PCOS Symposium Statistic - Doctors\" width=\"175\" height=\"175\" srcset=\"http:\/\/pcoschallenge.org\/simposio\/siracusa\/wp-content\/uploads\/2015\/02\/pcos-symposium-statistic-doctors.png 175w, http:\/\/pcoschallenge.org\/simposio\/siracusa\/wp-content\/uploads\/2015\/02\/pcos-symposium-statistic-doctors-150x150.png 150w\" sizes=\"(max-width: 175px) 100vw, 175px\" \/>[\/one_fifth][one_fifth]<img decoding=\"async\" loading=\"lazy\" class=\"alignnone size-full wp-image-1731\" src=\"https:\/\/pcoschallenge.org\/symposium\/la\/wp-content\/uploads\/2015\/02\/pcos-symposium-statistic-management.png\" alt=\"PCOS Symposium Statistic - Management\" width=\"175\" height=\"175\" srcset=\"http:\/\/pcoschallenge.org\/simposio\/siracusa\/wp-content\/uploads\/2015\/02\/pcos-symposium-statistic-management.png 175w, http:\/\/pcoschallenge.org\/simposio\/siracusa\/wp-content\/uploads\/2015\/02\/pcos-symposium-statistic-management-150x150.png 150w\" sizes=\"(max-width: 175px) 100vw, 175px\" \/>[\/one_fifth][one_fifth]<img decoding=\"async\" loading=\"lazy\" class=\"alignnone size-full wp-image-1727\" src=\"https:\/\/pcoschallenge.org\/symposium\/la\/wp-content\/uploads\/2015\/02\/pcos-symposium-statistic-advocates.png\" alt=\"PCOS Symposium Statistic - Advocates\" width=\"175\" height=\"175\" srcset=\"http:\/\/pcoschallenge.org\/simposio\/siracusa\/wp-content\/uploads\/2015\/02\/pcos-symposium-statistic-advocates.png 175w, http:\/\/pcoschallenge.org\/simposio\/siracusa\/wp-content\/uploads\/2015\/02\/pcos-symposium-statistic-advocates-150x150.png 150w\" sizes=\"(max-width: 175px) 100vw, 175px\" \/>[\/one_fifth][one_fifth_last]<img decoding=\"async\" loading=\"lazy\" class=\"alignnone size-full wp-image-1729\" src=\"https:\/\/pcoschallenge.org\/symposium\/la\/wp-content\/uploads\/2015\/02\/pcos-symposium-statistic-exhibitors.png\" alt=\"PCOS Symposium Statistic - Exhibitors\" width=\"175\" height=\"175\" srcset=\"http:\/\/pcoschallenge.org\/simposio\/siracusa\/wp-content\/uploads\/2015\/02\/pcos-symposium-statistic-exhibitors.png 175w, http:\/\/pcoschallenge.org\/simposio\/siracusa\/wp-content\/uploads\/2015\/02\/pcos-symposium-statistic-exhibitors-150x150.png 150w\" sizes=\"(max-width: 175px) 100vw, 175px\" \/>[\/one_fifth_last]<\/div>\n\n\n\n\n<div align=\"center\"><img decoding=\"async\" loading=\"lazy\" class=\"alignnone size-full wp-image-2928\" src=\"https:\/\/pcoschallenge.org\/symposium\/la\/wp-content\/uploads\/2015\/05\/pcos-symposium-testimonial.gif\" alt=\"PCOS Symposium Testimonial\" width=\"795\" height=\"151\" \/><\/div>\n\n\n--><\/p>\n<div class=\"h-bg\">Incontra alcuni dei nostri relatori del Simposio<\/div>\n<div style=\"font-size: 16pt; margin: 20px 0 30px 0; line-height: 1; color: #008080;\" align=\"center\"><strong>Le risposte dei nostri esperti in PCOS<\/strong><\/div>\n<div class=\"one-half\">\n<h2>Sasha Ottey, MHA, MT (ASCP)<\/h2>\n<div style=\"font-size:11pt;color:#008080;margin:10px 0 3px 0\"><strong>PCOS sensibilizzazione e advocacy<\/strong><\/div>\n<p><div class=\"image-block left\"><img decoding=\"async\" src=\"https:\/\/s3.amazonaws.com\/videos.pcos.tv\/Sasha-Ottey-PCOS-Challenge.jpg\" height=\"150\"><\/div>Sasha Ottey \u00e8 fondatore e direttore esecutivo della PCOS Challenge, Inc., una delle principali organizzazioni mondiali per il sostegno e la difesa delle donne e delle ragazze con sindrome dell&#8217;ovaio policistico. Dalla sua nascita nel 2009, la PCOS Challenge ha aiutato molte donne a trovare le risposte necessarie per potere vincere la loro lotta contro l\u2019infertilit\u00e0, l\u2019aumento di peso, l\u2019ansia e la depressione e per ridurre i rischi per la loro salute futura. La visione dell&#8217;organizzazione \u00e8 che la PCOS deve essere trattata come una priorit\u00e0 di salute pubblica.<\/p>\n<p><strong style=\"font-size: 11pt; color: #008080\">Session Description:<\/strong><br \/>\nQuesta sessione parla brevemente degli obiettivi della manifestazione e della visione della PCOS Challenge PCOS Awareness.<\/p>\n<div style=\"margin-top:5px\"><BR \/><\/div>\n<p><\/div><div class=\"one-half last\"><\/p>\n<h2>Prof. Enrico Carmina<\/h2>\n<div style=\"font-size:11pt;color:#008080;margin:10px 0 3px 0\"><strong>Capire la PCOS e la sua diagnosi<\/strong><\/div>\n<p><div class=\"image-block right\"><img decoding=\"async\" loading=\"lazy\" src=\"http:\/\/pcoschallenge.org\/simposio\/siracusa\/wp-content\/uploads\/2015\/08\/pcos-symposium-speaker-enrico-carmina.jpg\" alt=\"PCOS Awareness Symposium Speaker - Enrico Carmina\" width=\"150\" height=\"150\" class=\"alignnone size-full wp-image-2985\" srcset=\"http:\/\/pcoschallenge.org\/simposio\/siracusa\/wp-content\/uploads\/2015\/08\/pcos-symposium-speaker-enrico-carmina.jpg 150w, http:\/\/pcoschallenge.org\/simposio\/siracusa\/wp-content\/uploads\/2015\/08\/pcos-symposium-speaker-enrico-carmina-125x125.jpg 125w\" sizes=\"(max-width: 150px) 100vw, 150px\" \/><\/div>Enrico Carmina, M.D. \u00e8 un rinomato esperto internazionale di policistosi ovarica, medico e professore di Endocrinologia e Endocrinologia Riproduttiva presso l&#8217;Universit\u00e0 di Palermo. E\u2019 autore di 364 pubblicazioni su riviste internazionali e di 46 capitoli in libri di testo in Endocrinologia e Endocrinologia Riproduttiva. Il Prof. Carmina ha ricevuto molti premi scientifici ed \u00e8 il direttore ed attuale CEO della Androgen Excess and PCOS Society.<\/p>\n<div style=\"margin:20px 0 20px 0;\"><strong style=\"font-size: 11pt; color: #008080\">Session Description:<\/strong><br \/>\nQuesta sessione fornir\u00e0 una panoramica della sindrome dell&#8217;ovaio policistico (PCOS) e della sua diagnosi. Inoltre affronter\u00e0 i problemi collegati alla diagnosi ed alla cura.<\/div>\n<p><\/div><div class=\"clear\"><\/div><\/p>\n<div class=\"one-half\">\n<h2 style=\"margin-top:-20px\">Dott.ssa Stefania Cattaneo<\/h2>\n<div style=\"font-size:11pt;color:#008080;margin:10px 0 3px 0\"><strong>Lifestyle Management di PCOS &mdash; alimentazione, esercizio fisico<\/strong><\/div>\n<p><div class=\"image-block left\"><img decoding=\"async\" loading=\"lazy\" src=\"http:\/\/pcoschallenge.org\/simposio\/siracusa\/wp-content\/uploads\/2015\/08\/pcos-symposium-speaker-stefania-cattaneo.jpg\" alt=\"PCOS Awareness Symposium Speaker - Stefania Cattaneo\" width=\"150\" height=\"150\" class=\"alignnone size-full wp-image-2987\" srcset=\"http:\/\/pcoschallenge.org\/simposio\/siracusa\/wp-content\/uploads\/2015\/08\/pcos-symposium-speaker-stefania-cattaneo.jpg 150w, http:\/\/pcoschallenge.org\/simposio\/siracusa\/wp-content\/uploads\/2015\/08\/pcos-symposium-speaker-stefania-cattaneo-125x125.jpg 125w\" sizes=\"(max-width: 150px) 100vw, 150px\" \/><\/div>Dott.ssa Stefania Cattaneo \u00e8 professore presso l&#8217;Universit\u00e0 di Torino e presso il SIMF e nutrizionista del PROGETTO IRIS, che si occupa di donne con sindrome dell&#8217;ovaio policistico. Stefania ha ricevuto la sua laurea in Farmacia e Scienze della Nutrizione presso l&#8217;Universit\u00e0 di Torino e il Master Internazionale in Nutrizione e Dietetica presso l&#8217;Universit\u00e0 Politecnica delle Marche. Stefania ha tenuto numerose conferenze su temi riguardanti una sana alimentazione ed un corretto stile di vita delle donne.<\/p>\n<div style=\"margin:20px 0 60px 0;\"><strong style=\"font-size: 11pt; color: #008080\">Session Description:<\/strong><br \/>\nQuesta sessione riguarda l&#8217;alimentazione e lo stile di vita che devono avere le donne e le ragazze affette da sindrome dell&#8217;ovaio policistico.<\/div>\n<p><\/p>\n<p>\n<\/div><div class=\"one-half last\"><\/p>\n<h2 style=\"margin-top:-20px\">Prof. Franca Fruzzetti<\/h2>\n<div style=\"font-size:11pt;color:#008080;margin:10px 0 3px 0\"><strong>Migliorare la fertilit\u00e0 nelle donne con PCOS<\/strong><\/div>\n<p><div class=\"image-block right\"><img decoding=\"async\" loading=\"lazy\" src=\"http:\/\/pcoschallenge.org\/simposio\/siracusa\/wp-content\/uploads\/2015\/08\/pcos-symposium-speaker-fruzzetti-ritratto.jpg\" alt=\"PCOS Awareness Symposium Speaker - Fruzzetti Ritratto\" width=\"150\" height=\"150\" class=\"alignnone size-full wp-image-2986\" srcset=\"http:\/\/pcoschallenge.org\/simposio\/siracusa\/wp-content\/uploads\/2015\/08\/pcos-symposium-speaker-fruzzetti-ritratto.jpg 150w, http:\/\/pcoschallenge.org\/simposio\/siracusa\/wp-content\/uploads\/2015\/08\/pcos-symposium-speaker-fruzzetti-ritratto-125x125.jpg 125w\" sizes=\"(max-width: 150px) 100vw, 150px\" \/><\/div>Franca Fruzzetti, M.D. \u00e8 Assistant Professor e direttore del Centro di Endocrinologia Riproduttiva e per il controllo della fertilit\u00e0 presso il Dipartimento di Ostetricia e Ginecologia dell\u2019Ospedale Universitario Santa Chiara di Pisa. La prof.essa Fruzzetti \u00e8 autore di oltre 100 pubblicazioni su giornali scientifici internazionali. I suoi principali interessi di ricerca riguardano gli effetti sistemici e metabolici dei contraccettivi ormonali e altri temi riguardanti PCOS.<\/p>\n<div style=\"margin:20px 0 -10px 0;\"><strong style=\"font-size: 11pt; color: #008080\">Session Description:<\/strong><br \/>\nQuesta sessione affronta il problema di come la PCOS puo\u2019 impattare l\u2019ovulazione e la fertilit\u00e0. Inoltre coprir\u00e0 le opzioni per migliorare la fertilit\u00e0.<\/div>\n<p><\/div><div class=\"clear\"><\/div><br \/>\n<div class=\"one-half\"><\/p>\n<h2 style=\"margin-top:-10px\">Dott.ssa Elisabetta Scaruffi<\/h2>\n<div style=\"font-size:11pt;color:#008080;margin:10px 0 3px 0\"><strong>Benessere emozionale di Donne e Ragazze con PCOS<\/strong><\/div>\n<p><div class=\"image-block left\"><img decoding=\"async\" loading=\"lazy\" src=\"http:\/\/pcoschallenge.org\/simposio\/siracusa\/wp-content\/uploads\/2015\/08\/pcos-symposium-speaker-elisabetta-scaruffi.jpg\" alt=\"PCOS Awareness Symposium Speaker - Elisabetta Scaruffi\" width=\"150\" height=\"150\" class=\"alignnone size-full wp-image-2984\" srcset=\"http:\/\/pcoschallenge.org\/simposio\/siracusa\/wp-content\/uploads\/2015\/08\/pcos-symposium-speaker-elisabetta-scaruffi.jpg 150w, http:\/\/pcoschallenge.org\/simposio\/siracusa\/wp-content\/uploads\/2015\/08\/pcos-symposium-speaker-elisabetta-scaruffi-125x125.jpg 125w\" sizes=\"(max-width: 150px) 100vw, 150px\" \/><\/div>Elisabetta Scaruffi \u00e8 psicologa psicoterapeuta. Si \u00e8 laureata presso l\u2019Universit\u00e0 di Padova con una tesi su \u201cLa qualit\u00e0 della vita e altri indicatori psicologici in donne con sindrome dell\u2019ovaio policistico\u201d e si \u00e8 poi specializzata alla Scuola di Psicoterapia Psicoanalitica di Torino. E\u2019fondatore e responsabile del primo ambulatorio multidisciplinare italiano rivolto a ragazze e donne con PCOS con sede a Biella presso la Fondazione Edo ed Elvo Tempia Onlus. Dal 2010 al 2013 ha collaborato con gli ambulatori di endocrinologia ginecologica degli ospedali San Giovanni Battista e Sant&#8217;Anna di Torino.<\/p>\n<p><strong style=\"font-size: 11pt; color: #008080\">Session Description:<\/strong><br \/>\nQuesta sessione affronta l&#8217;importanza del benessere mentale ed emozionale delle donne e delle ragazze con sindrome dell&#8217;ovaio policistico e anche i loro sostenitori. Gli argomenti trattati comprenderanno ansia, depressione, sbalzi d&#8217;umore, immagine corporea, autostima ed I vari fattori che possono incidere sulla salute emotiva.<br \/>\n<\/div><div class=\"one-half last\"><br \/>\n<\/div><div class=\"clear\"><\/div><\/p>\n<div><\/div>\n<div style=\"font-size: 13pt; margin: 30px 0 10px 0;\" align=\"center\"><\/div>\n<div style=\"margin-top: 80px;\" align=\"center\"><a class=\"button single-color text-bright size-large\" href=\"https:\/\/pcoschallenge.org\/simposio\/siracusa\/registrazione\/\" id=\"sc_button_1\">REGISTATI ORA \u2013 I posti sono limitati!<\/a><style>#sc_button_1{background-color:#864199 !important;color:#ffffff !important}<\/style><\/div>\n","protected":false},"excerpt":{"rendered":"<p>Le risposte dei nostri esperti in PCOS<\/p>\n","protected":false},"author":1,"featured_media":0,"parent":0,"menu_order":0,"comment_status":"open","ping_status":"open","template":"template-home.php","meta":[],"_links":{"self":[{"href":"http:\/\/pcoschallenge.org\/simposio\/siracusa\/wp-json\/wp\/v2\/pages\/11"}],"collection":[{"href":"http:\/\/pcoschallenge.org\/simposio\/siracusa\/wp-json\/wp\/v2\/pages"}],"about":[{"href":"http:\/\/pcoschallenge.org\/simposio\/siracusa\/wp-json\/wp\/v2\/types\/page"}],"author":[{"embeddable":true,"href":"http:\/\/pcoschallenge.org\/simposio\/siracusa\/wp-json\/wp\/v2\/users\/1"}],"replies":[{"embeddable":true,"href":"http:\/\/pcoschallenge.org\/simposio\/siracusa\/wp-json\/wp\/v2\/comments?post=11"}],"version-history":[{"count":48,"href":"http:\/\/pcoschallenge.org\/simposio\/siracusa\/wp-json\/wp\/v2\/pages\/11\/revisions"}],"predecessor-version":[{"id":3119,"href":"http:\/\/pcoschallenge.org\/simposio\/siracusa\/wp-json\/wp\/v2\/pages\/11\/revisions\/3119"}],"wp:attachment":[{"href":"http:\/\/pcoschallenge.org\/simposio\/siracusa\/wp-json\/wp\/v2\/media?parent=11"}],"curies":[{"name":"wp","href":"https:\/\/api.w.org\/{rel}","templated":true}]}}